{"id":5841,"date":"2026-03-13T14:12:12","date_gmt":"2026-03-13T13:12:12","guid":{"rendered":"https:\/\/t-bus.de\/wordpress\/?page_id=5841"},"modified":"2026-04-23T05:06:33","modified_gmt":"2026-04-23T03:06:33","slug":"oelanalyse-datenbank","status":"publish","type":"page","link":"https:\/\/t-bus.de\/wordpress\/oelanalyse-datenbank\/","title":{"rendered":"\u00d6lanalyse-Datenbank"},"content":{"rendered":"\t\t<div data-elementor-type=\"wp-page\" data-elementor-id=\"5841\" class=\"elementor elementor-5841\" data-elementor-post-type=\"page\">\n\t\t\t\t<div class=\"elementor-element elementor-element-d5df8cf e-flex e-con-boxed e-con e-parent\" data-id=\"d5df8cf\" data-element_type=\"container\" data-e-type=\"container\">\n\t\t\t\t\t<div class=\"e-con-inner\">\n\t\t\t\t<div class=\"elementor-element elementor-element-0ee3592 elementor-widget elementor-widget-text-editor\" data-id=\"0ee3592\" data-element_type=\"widget\" data-e-type=\"widget\" data-widget_type=\"text-editor.default\">\n\t\t\t\t<div class=\"elementor-widget-container\">\n\t\t\t\t\t\t\t\t\t<p>Bei modernen Dieselmotoren kommt es \u2013 insbesondere durch die Regeneration des Dieselpartikelfilters (DPF) \u2013 zu unvermeidlichem Kraftstoffeintrag in das Motor\u00f6l. Dieser Kraftstoffeintrag ver\u00e4ndert die Eigenschaften des \u00d6ls.<\/p><p>Zur \u00dcberwachung dieser Parameter dienen \u00d6lanalysen. Von den Fahrzeugbesitzern oder Werkst\u00e4tten eingeschickte Proben werden im Labor detailliert untersucht. So lassen sich zahlreiche Parameter des \u00d6ls bestimmen. R\u00fcckschl\u00fcsse auf Fehler oder Probleme des Motors sind m\u00f6glich. Hier dienen die Vergleichsdaten als Referenz.<\/p><p>So kann beispielsweise eine mehr als 10%-ige Anreicherung des \u00d6ls mit Dieselkraftstoff, mit Bezug zur zur\u00fcckgelegten Laufleistung seit dem letzen \u00d6lwechsel, ein Indiz f\u00fcr Funktionsst\u00f6rungen des DPF, bzw. andere St\u00f6rungen sein, welche die Regenerationsintervalle des Dieselpartikelfilters beeinflussen.<\/p><p>Die Datenbank befindet sich momentan noch im Aufbau, bzw. in der Testphase\u2026<\/p><p>Nendoro<\/p>\t\t\t\t\t\t\t\t<\/div>\n\t\t\t\t<\/div>\n\t\t\t\t\t<\/div>\n\t\t\t\t<\/div>\n\t\t<div class=\"elementor-element elementor-element-98810e3 e-con-full e-flex e-con e-parent\" data-id=\"98810e3\" data-element_type=\"container\" data-e-type=\"container\" data-settings=\"{&quot;background_background&quot;:&quot;slideshow&quot;,&quot;background_slideshow_gallery&quot;:[],&quot;background_slideshow_loop&quot;:&quot;yes&quot;,&quot;background_slideshow_slide_duration&quot;:5000,&quot;background_slideshow_slide_transition&quot;:&quot;fade&quot;,&quot;background_slideshow_transition_duration&quot;:500}\">\n\t\t\t\t<div class=\"elementor-element elementor-element-7c37313 elementor-widget elementor-widget-theme-post-featured-image elementor-widget-image\" data-id=\"7c37313\" data-element_type=\"widget\" data-e-type=\"widget\" data-widget_type=\"theme-post-featured-image.default\">\n\t\t\t\t<div class=\"elementor-widget-container\">\n\t\t\t\t\t\t\t\t\t\t\t\t<figure class=\"wp-caption\">\n\t\t\t\t\t\t\t\t\t\t<img fetchpriority=\"high\" decoding=\"async\" width=\"1536\" height=\"861\" src=\"https:\/\/t-bus.de\/wordpress\/wp-content\/uploads\/2026\/03\/Oelhand-1536x861.jpeg\" class=\"attachment-1536x1536 size-1536x1536 wp-image-5843\" alt=\"\" srcset=\"https:\/\/t-bus.de\/wordpress\/wp-content\/uploads\/2026\/03\/Oelhand-1536x861.jpeg 1536w, https:\/\/t-bus.de\/wordpress\/wp-content\/uploads\/2026\/03\/Oelhand-300x168.jpeg 300w, https:\/\/t-bus.de\/wordpress\/wp-content\/uploads\/2026\/03\/Oelhand-1024x574.jpeg 1024w, https:\/\/t-bus.de\/wordpress\/wp-content\/uploads\/2026\/03\/Oelhand-768x430.jpeg 768w, https:\/\/t-bus.de\/wordpress\/wp-content\/uploads\/2026\/03\/Oelhand-2048x1147.jpeg 2048w\" sizes=\"(max-width: 1536px) 100vw, 1536px\" \/>\t\t\t\t\t\t\t\t\t\t\t<figcaption class=\"widget-image-caption wp-caption-text\">Motor\u00f6lanalysen<\/figcaption>\n\t\t\t\t\t\t\t\t\t\t<\/figure>\n\t\t\t\t\t\t\t\t\t<\/div>\n\t\t\t\t<\/div>\n\t\t\t\t<\/div>\n\t\t\t\t<\/div>\n\t\t","protected":false},"excerpt":{"rendered":"<p>Bei modernen Dieselmotoren kommt es \u2013 insbesondere durch die Regeneration des Dieselpartikelfilters (DPF) \u2013 zu unvermeidlichem Kraftstoffeintrag in das Motor\u00f6l. Dieser Kraftstoffeintrag ver\u00e4ndert die Eigenschaften des \u00d6ls. Zur \u00dcberwachung dieser Parameter dienen \u00d6lanalysen. Von den Fahrzeugbesitzern oder Werkst\u00e4tten eingeschickte Proben werden im Labor detailliert untersucht. So lassen sich zahlreiche Parameter des \u00d6ls bestimmen. R\u00fcckschl\u00fcsse auf [&hellip;]<\/p>\n","protected":false},"author":1,"featured_media":5843,"parent":0,"menu_order":0,"comment_status":"closed","ping_status":"closed","template":"","meta":{"footnotes":""},"class_list":["post-5841","page","type-page","status-publish","has-post-thumbnail","hentry"],"aioseo_notices":[],"_links":{"self":[{"href":"https:\/\/t-bus.de\/wordpress\/wp-json\/wp\/v2\/pages\/5841","targetHints":{"allow":["GET"]}}],"collection":[{"href":"https:\/\/t-bus.de\/wordpress\/wp-json\/wp\/v2\/pages"}],"about":[{"href":"https:\/\/t-bus.de\/wordpress\/wp-json\/wp\/v2\/types\/page"}],"author":[{"embeddable":true,"href":"https:\/\/t-bus.de\/wordpress\/wp-json\/wp\/v2\/users\/1"}],"replies":[{"embeddable":true,"href":"https:\/\/t-bus.de\/wordpress\/wp-json\/wp\/v2\/comments?post=5841"}],"version-history":[{"count":25,"href":"https:\/\/t-bus.de\/wordpress\/wp-json\/wp\/v2\/pages\/5841\/revisions"}],"predecessor-version":[{"id":5879,"href":"https:\/\/t-bus.de\/wordpress\/wp-json\/wp\/v2\/pages\/5841\/revisions\/5879"}],"wp:featuredmedia":[{"embeddable":true,"href":"https:\/\/t-bus.de\/wordpress\/wp-json\/wp\/v2\/media\/5843"}],"wp:attachment":[{"href":"https:\/\/t-bus.de\/wordpress\/wp-json\/wp\/v2\/media?parent=5841"}],"curies":[{"name":"wp","href":"https:\/\/api.w.org\/{rel}","templated":true}]}}